{"id":722,"date":"2022-08-22T08:39:44","date_gmt":"2022-08-22T08:39:44","guid":{"rendered":"https:\/\/valgioconda.it\/home-3\/"},"modified":"2022-08-30T09:49:10","modified_gmt":"2022-08-30T09:49:10","slug":"home-3","status":"publish","type":"page","link":"https:\/\/valgioconda.it\/de\/","title":{"rendered":"Home"},"content":{"rendered":"<p>[et_pb_section fb_built=&#8220;1&#8243; admin_label=&#8220;Header&#8220; _builder_version=&#8220;4.18.0&#8243; use_background_color_gradient=&#8220;on&#8220; background_color_gradient_type=&#8220;circular&#8220; background_color_gradient_direction_radial=&#8220;top left&#8220; background_color_gradient_stops=&#8220;rgba(0,0,0,0.43) 32%|rgba(255,255,255,0) 80%&#8220; background_color_gradient_overlays_image=&#8220;on&#8220; background_color_gradient_start=&#8220;rgba(255,255,255,0.89)&#8220; background_color_gradient_start_position=&#8220;30%&#8220; background_color_gradient_end=&#8220;rgba(255,255,255,0)&#8220; background_color_gradient_end_position=&#8220;80%&#8220; background_image=&#8220;https:\/\/valgioconda.it\/wp-content\/uploads\/2022\/08\/WhatsApp-Image-2022-07-13-at-12.23.11.jpeg&#8220; custom_padding=&#8220;12vw|0px|0|0px|false|false&#8220; global_colors_info=&#8220;{}&#8220;][et_pb_row _builder_version=&#8220;4.16&#8243; global_colors_info=&#8220;{}&#8220;][et_pb_column type=&#8220;4_4&#8243; _builder_version=&#8220;4.16&#8243; custom_padding=&#8220;|||&#8220; global_colors_info=&#8220;{}&#8220; custom_padding__hover=&#8220;|||&#8220;][et_pb_text _builder_version=&#8220;4.18.0&#8243; text_font=&#8220;||||||||&#8220; header_font=&#8220;Georgia|800|||||||&#8220; header_font_size=&#8220;80px&#8220; header_line_height=&#8220;1.2em&#8220; header_5_font=&#8220;Raleway|700||on|||||&#8220; header_5_text_color=&#8220;#FFFFFF&#8220; header_5_font_size=&#8220;20px&#8220; header_5_letter_spacing=&#8220;0.5em&#8220; header_5_line_height=&#8220;1.8em&#8220; animation_style=&#8220;zoom&#8220; animation_intensity_zoom=&#8220;5%&#8220; header_font_size_tablet=&#8220;48px&#8220; header_font_size_phone=&#8220;32px&#8220; header_font_size_last_edited=&#8220;on|phone&#8220; header_5_font_size_tablet=&#8220;14px&#8220; header_5_font_size_phone=&#8220;12px&#8220; header_5_font_size_last_edited=&#8220;on|desktop&#8220; global_colors_info=&#8220;{}&#8220;]<\/p>\n<h5>Willkommen in PLODN<\/h5>\n<h1>Hotel Valgioconda<\/h1>\n<p>[\/et_pb_text][\/et_pb_column][\/et_pb_row][et_pb_row column_structure=&#8220;1_4,1_4,1_4,1_4&#8243; use_custom_gutter=&#8220;on&#8220; make_equal=&#8220;on&#8220; custom_padding_last_edited=&#8220;on|desktop&#8220; disabled_on=&#8220;off|off|off&#8220; _builder_version=&#8220;4.18.0&#8243; background_color=&#8220;#ffffff&#8220; width=&#8220;90%&#8220; max_width=&#8220;90%&#8220; module_alignment=&#8220;left&#8220; custom_margin=&#8220;8vw||||false&#8220; custom_padding=&#8220;0|0px|0px|15vw|false|false&#8220; custom_padding_tablet=&#8220;|||10vw&#8220; custom_padding_phone=&#8220;&#8220; animation_style=&#8220;slide&#8220; animation_direction=&#8220;left&#8220; animation_intensity_slide=&#8220;5%&#8220; border_radii=&#8220;off||30px||&#8220; use_custom_width=&#8220;on&#8220; width_unit=&#8220;off&#8220; custom_width_percent=&#8220;90%&#8220; locked=&#8220;off&#8220; global_colors_info=&#8220;{}&#8220;][et_pb_column type=&#8220;1_4&#8243; _builder_version=&#8220;4.16&#8243; custom_padding=&#8220;74px|||&#8220; custom_padding_tablet=&#8220;40px|||&#8220; custom_padding_phone=&#8220;20px|||&#8220; custom_padding_last_edited=&#8220;off|desktop&#8220; global_colors_info=&#8220;{}&#8220; padding_phone=&#8220;20px|||&#8220; padding_tablet=&#8220;40px|||&#8220; padding_last_edited=&#8220;off|desktop&#8220; custom_padding__hover=&#8220;|||&#8220;][et_pb_blurb title=&#8220;Via Fontana, 45 &#8211; 33012 Sappada\/Plodn (UD)&#8220; use_icon=&#8220;on&#8220; font_icon=&#8220;&#xe081;||divi||400&#8243; icon_color=&#8220;gcid-46ef51ee-7f37-4d8e-9a27-2560e1811d54&#8243; icon_placement=&#8220;left&#8220; image_icon_width=&#8220;24px&#8220; _builder_version=&#8220;4.18.0&#8243; header_level=&#8220;h5&#8243; header_font=&#8220;Raleway|700|||||||&#8220; header_text_color=&#8220;gcid-46ef51ee-7f37-4d8e-9a27-2560e1811d54&#8243; header_line_height=&#8220;1.4em&#8220; icon_font_size=&#8220;24px&#8220; global_colors_info=&#8220;{%22gcid-46ef51ee-7f37-4d8e-9a27-2560e1811d54%22:%91%22header_text_color%22,%22icon_color%22%93}&#8220;][\/et_pb_blurb][\/et_pb_column][et_pb_column type=&#8220;1_4&#8243; _builder_version=&#8220;4.16&#8243; custom_padding=&#8220;74px|||&#8220; custom_padding_tablet=&#8220;40px|||&#8220; custom_padding_phone=&#8220;20px|||&#8220; custom_padding_last_edited=&#8220;off|desktop&#8220; global_colors_info=&#8220;{}&#8220; padding_phone=&#8220;20px|||&#8220; padding_tablet=&#8220;40px|||&#8220; padding_last_edited=&#8220;off|desktop&#8220; custom_padding__hover=&#8220;|||&#8220;][et_pb_blurb title=&#8220;info@valgioconda.it&#8220; use_icon=&#8220;on&#8220; font_icon=&#8220;&#xf1fa;||fa||900&#8243; icon_color=&#8220;gcid-46ef51ee-7f37-4d8e-9a27-2560e1811d54&#8243; icon_placement=&#8220;left&#8220; image_icon_width=&#8220;24px&#8220; _builder_version=&#8220;4.18.0&#8243; header_level=&#8220;h5&#8243; header_font=&#8220;Raleway|700|||||||&#8220; header_text_color=&#8220;gcid-46ef51ee-7f37-4d8e-9a27-2560e1811d54&#8243; header_line_height=&#8220;1.4em&#8220; hover_enabled=&#8220;0&#8243; icon_font_size=&#8220;24px&#8220; global_colors_info=&#8220;{%22gcid-46ef51ee-7f37-4d8e-9a27-2560e1811d54%22:%91%22header_text_color%22,%22icon_color%22,%22header_text_color%22,%22icon_color%22,%22header_text_color%22,%22icon_color%22%93}&#8220; url=&#8220;mailto:info@valgioconda.it&#8220; sticky_enabled=&#8220;0&#8243;][\/et_pb_blurb][\/et_pb_column][et_pb_column type=&#8220;1_4&#8243; _builder_version=&#8220;4.16&#8243; custom_padding=&#8220;74px|||&#8220; custom_padding_tablet=&#8220;40px|||&#8220; custom_padding_phone=&#8220;20px|||&#8220; custom_padding_last_edited=&#8220;off|desktop&#8220; global_colors_info=&#8220;{}&#8220; padding_phone=&#8220;20px|||&#8220; padding_tablet=&#8220;40px|||&#8220; padding_last_edited=&#8220;off|desktop&#8220; custom_padding__hover=&#8220;|||&#8220;][et_pb_blurb title=&#8220;0435 469121&#8243; use_icon=&#8220;on&#8220; font_icon=&#8220;&#xe090;||divi||400&#8243; icon_color=&#8220;gcid-46ef51ee-7f37-4d8e-9a27-2560e1811d54&#8243; icon_placement=&#8220;left&#8220; image_icon_width=&#8220;24px&#8220; _builder_version=&#8220;4.18.0&#8243; header_level=&#8220;h5&#8243; header_font=&#8220;Raleway|700|||||||&#8220; header_text_color=&#8220;gcid-46ef51ee-7f37-4d8e-9a27-2560e1811d54&#8243; header_line_height=&#8220;1.4em&#8220; icon_font_size=&#8220;24px&#8220; global_colors_info=&#8220;{%22gcid-46ef51ee-7f37-4d8e-9a27-2560e1811d54%22:%91%22header_text_color%22,%22icon_color%22,%22header_text_color%22,%22icon_color%22,%22header_text_color%22,%22icon_color%22,%22header_text_color%22,%22icon_color%22%93}&#8220;][\/et_pb_blurb][\/et_pb_column][et_pb_column type=&#8220;1_4&#8243; _builder_version=&#8220;4.18.0&#8243; background_color=&#8220;#E09900&#8243; custom_padding=&#8220;|||&#8220; custom_padding_tablet=&#8220;20px||20px||true&#8220; custom_padding_last_edited=&#8220;off|desktop&#8220; global_colors_info=&#8220;{}&#8220; padding_tablet=&#8220;20px||20px||true&#8220; padding_last_edited=&#8220;off|desktop&#8220; custom_padding__hover=&#8220;|||&#8220;][et_pb_button button_url=&#8220;https:\/\/valgioconda.it\/de\/infos-reservierungen\/&#8220; button_text=&#8220;Reservierungen&#8220; button_alignment=&#8220;center&#8220; _builder_version=&#8220;4.18.0&#8243; custom_button=&#8220;on&#8220; button_text_color=&#8220;#FFFFFF&#8220; button_bg_color=&#8220;#E09900&#8243; button_border_width=&#8220;10px&#8220; button_border_color=&#8220;rgba(0,0,0,0)&#8220; button_border_radius=&#8220;0px&#8220; button_font=&#8220;|700|||||||&#8220; custom_padding=&#8220;60px||60px||true&#8220; button_border_radius_hover=&#8220;0px&#8220; global_colors_info=&#8220;{}&#8220; button_text_size__hover_enabled=&#8220;off&#8220; button_one_text_size__hover_enabled=&#8220;off&#8220; button_two_text_size__hover_enabled=&#8220;off&#8220; button_text_color__hover_enabled=&#8220;off&#8220; button_one_text_color__hover_enabled=&#8220;off&#8220; button_two_text_color__hover_enabled=&#8220;off&#8220; button_border_width__hover_enabled=&#8220;off&#8220; button_one_border_width__hover_enabled=&#8220;off&#8220; button_two_border_width__hover_enabled=&#8220;off&#8220; button_border_color__hover_enabled=&#8220;off&#8220; button_one_border_color__hover_enabled=&#8220;off&#8220; button_two_border_color__hover_enabled=&#8220;off&#8220; button_border_radius__hover_enabled=&#8220;on&#8220; button_border_radius__hover=&#8220;0px&#8220; button_one_border_radius__hover_enabled=&#8220;off&#8220; button_two_border_radius__hover_enabled=&#8220;off&#8220; button_letter_spacing__hover_enabled=&#8220;off&#8220; button_one_letter_spacing__hover_enabled=&#8220;off&#8220; button_two_letter_spacing__hover_enabled=&#8220;off&#8220; button_bg_color__hover_enabled=&#8220;off&#8220; button_one_bg_color__hover_enabled=&#8220;off&#8220; button_two_bg_color__hover_enabled=&#8220;off&#8220;][\/et_pb_button][\/et_pb_column][\/et_pb_row][\/et_pb_section][et_pb_section fb_built=&#8220;1&#8243; admin_label=&#8220;About Us&#8220; _builder_version=&#8220;4.18.0&#8243; background_color=&#8220;gcid-46ef51ee-7f37-4d8e-9a27-2560e1811d54&#8243; global_colors_info=&#8220;{%22gcid-46ef51ee-7f37-4d8e-9a27-2560e1811d54%22:%91%22background_color%22%93}&#8220;][et_pb_row column_structure=&#8220;1_2,1_2&#8243; custom_padding_last_edited=&#8220;off|desktop&#8220; _builder_version=&#8220;4.16&#8243; custom_padding=&#8220;27px|0px|0|0px|false|false&#8220; custom_padding_tablet=&#8220;|0px||0px||true&#8220; global_colors_info=&#8220;{}&#8220;][et_pb_column type=&#8220;1_2&#8243; _builder_version=&#8220;4.16&#8243; custom_padding=&#8220;|||&#8220; global_colors_info=&#8220;{}&#8220; custom_padding__hover=&#8220;|||&#8220;][et_pb_text _builder_version=&#8220;4.18.0&#8243; text_font=&#8220;||||||||&#8220; text_font_size=&#8220;16px&#8220; text_line_height=&#8220;2em&#8220; header_font=&#8220;||||||||&#8220; header_2_font=&#8220;|700|||||||&#8220; header_2_font_size=&#8220;50px&#8220; header_2_line_height=&#8220;1.4em&#8220; header_6_font=&#8220;Raleway|700||on|||||&#8220; header_6_font_size=&#8220;16px&#8220; header_6_letter_spacing=&#8220;5px&#8220; header_6_line_height=&#8220;1.8em&#8220; max_width=&#8220;700px&#8220; module_alignment=&#8220;center&#8220; header_2_font_size_tablet=&#8220;35px&#8220; header_2_font_size_phone=&#8220;25px&#8220; header_2_font_size_last_edited=&#8220;on|phone&#8220; global_colors_info=&#8220;{}&#8220;]<\/p>\n<h6>\u00dcber uns<\/h6>\n<h2>Gastfreundschaft:<br \/>eine Familientradition<\/h2>\n<p>[\/et_pb_text][\/et_pb_column][et_pb_column type=&#8220;1_2&#8243; _builder_version=&#8220;4.16&#8243; custom_padding=&#8220;|||&#8220; global_colors_info=&#8220;{}&#8220; custom_padding__hover=&#8220;|||&#8220;][et_pb_text _builder_version=&#8220;4.18.0&#8243; text_font=&#8220;||||||||&#8220; text_font_size=&#8220;16px&#8220; text_line_height=&#8220;2em&#8220; header_font=&#8220;||||||||&#8220; header_2_font=&#8220;Raleway|700|||||||&#8220; header_2_font_size=&#8220;50px&#8220; header_2_line_height=&#8220;1.4em&#8220; header_6_font=&#8220;Raleway|700||on|||||&#8220; header_6_font_size=&#8220;16px&#8220; header_6_letter_spacing=&#8220;5px&#8220; header_6_line_height=&#8220;1.8em&#8220; max_width=&#8220;700px&#8220; module_alignment=&#8220;center&#8220; header_2_font_size_tablet=&#8220;35px&#8220; header_2_font_size_phone=&#8220;25px&#8220; header_2_font_size_last_edited=&#8220;on|phone&#8220; locked=&#8220;off&#8220; global_colors_info=&#8220;{}&#8220;]<\/p>\n<p>Familie Fontana &#8211; Pontil leitet das Hotel Valgioconda pers\u00f6nlich. In diesem einzigartigen Ambiente verschmelzen Familientraditionen und Bergluxus, um die beste Gastfreundlichkeit anzubieten.<\/p>\n<p>Das Hotel Valgioconda befindet sich in Plodn, einem bekannten Ferienort im Herzen der herrlichen Dolomitenlandschaft, deren Gipfel sogar 2700 m. erreichen!<\/p>\n<p>[\/et_pb_text][\/et_pb_column][\/et_pb_row][\/et_pb_section][et_pb_section fb_built=&#8220;1&#8243; admin_label=&#8220;About Us&#8220; _builder_version=&#8220;4.18.0&#8243; background_color=&#8220;gcid-46ef51ee-7f37-4d8e-9a27-2560e1811d54&#8243; global_colors_info=&#8220;{%22gcid-46ef51ee-7f37-4d8e-9a27-2560e1811d54%22:%91%22background_color%22%93}&#8220;][et_pb_row column_structure=&#8220;1_3,1_3,1_3&#8243; _builder_version=&#8220;4.18.0&#8243; _module_preset=&#8220;default&#8220; global_colors_info=&#8220;{}&#8220;][et_pb_column type=&#8220;1_3&#8243; _builder_version=&#8220;4.18.0&#8243; _module_preset=&#8220;default&#8220; global_colors_info=&#8220;{}&#8220;][et_pb_blurb title=&#8220;Unsere Zimmer&#8220; url=&#8220;https:\/\/valgioconda.it\/de\/ambiente-2\/#camere&#8220; image=&#8220;https:\/\/valgioconda.it\/wp-content\/uploads\/2022\/08\/280489838.jpeg&#8220; _builder_version=&#8220;4.18.0&#8243; _module_preset=&#8220;default&#8220; header_font=&#8220;Raleway|||on|||||&#8220; header_text_align=&#8220;center&#8220; header_font_size=&#8220;19px&#8220; box_shadow_style_image=&#8220;preset1&#8243; global_colors_info=&#8220;{}&#8220;][\/et_pb_blurb][\/et_pb_column][et_pb_column type=&#8220;1_3&#8243; _builder_version=&#8220;4.18.0&#8243; _module_preset=&#8220;default&#8220; global_colors_info=&#8220;{}&#8220;][et_pb_blurb title=&#8220;Die Umgebung&#8220; url=&#8220;https:\/\/valgioconda.it\/de\/ambiente-2\/#ambiente&#8220; image=&#8220;https:\/\/valgioconda.it\/wp-content\/uploads\/2022\/08\/280592184.jpeg&#8220; _builder_version=&#8220;4.18.0&#8243; _module_preset=&#8220;default&#8220; header_font=&#8220;Raleway|||on|||||&#8220; header_text_align=&#8220;center&#8220; header_font_size=&#8220;19px&#8220; box_shadow_style_image=&#8220;preset1&#8243; global_colors_info=&#8220;{}&#8220;][\/et_pb_blurb][\/et_pb_column][et_pb_column type=&#8220;1_3&#8243; _builder_version=&#8220;4.18.0&#8243; _module_preset=&#8220;default&#8220; global_colors_info=&#8220;{}&#8220;][et_pb_blurb title=&#8220;Das Restaurant&#8220; url=&#8220;https:\/\/valgioconda.it\/de\/ambiente-2\/#ristorante&#8220; image=&#8220;https:\/\/valgioconda.it\/wp-content\/uploads\/2022\/08\/274310776.jpeg&#8220; _builder_version=&#8220;4.18.0&#8243; _module_preset=&#8220;default&#8220; header_font=&#8220;Raleway|||on|||||&#8220; header_text_align=&#8220;center&#8220; header_font_size=&#8220;19px&#8220; box_shadow_style_image=&#8220;preset1&#8243; global_colors_info=&#8220;{}&#8220;][\/et_pb_blurb][\/et_pb_column][\/et_pb_row][\/et_pb_section][et_pb_section fb_built=&#8220;1&#8243; _builder_version=&#8220;4.18.0&#8243; _module_preset=&#8220;default&#8220; background_color=&#8220;gcid-46ef51ee-7f37-4d8e-9a27-2560e1811d54&#8243; use_background_color_gradient=&#8220;on&#8220; background_color_gradient_direction=&#8220;270deg&#8220; background_color_gradient_stops=&#8220;rgba(0,0,0,0) 1%|rgba(0,0,0,0.45) 97%&#8220; background_color_gradient_overlays_image=&#8220;on&#8220; background_image=&#8220;https:\/\/valgioconda.it\/wp-content\/uploads\/2022\/08\/sappada.jpg&#8220; global_colors_info=&#8220;{%22gcid-46ef51ee-7f37-4d8e-9a27-2560e1811d54%22:%91%22background_color%22%93}&#8220;][et_pb_row column_structure=&#8220;2_3,1_3&#8243; _builder_version=&#8220;4.18.0&#8243; _module_preset=&#8220;default&#8220; global_colors_info=&#8220;{}&#8220;][et_pb_column type=&#8220;2_3&#8243; _builder_version=&#8220;4.18.0&#8243; _module_preset=&#8220;default&#8220; global_colors_info=&#8220;{}&#8220;][et_pb_text _builder_version=&#8220;4.18.0&#8243; _module_preset=&#8220;default&#8220; global_colors_info=&#8220;{}&#8220;]Plodn ist ber\u00fchmt f\u00fcr den \u00f6sterreichischen Dialekt, der im Lauf der Jahrhunderte intakt geblieben ist; f\u00fcr den Karneval, der am Sonntag f\u00fcr 3 Wochen vor Fasten stattfindet; f\u00fcr die vielen Wanderm\u00f6glichkeiten, Mountainbike- und Reitenwege, sowie f\u00fcr ein sehr sch\u00f6nes Fischersee. Im Winter k\u00f6nnen Sie die Skipisten direkt vom Hotel Valgioconda erreichen: die G\u00e4ste finden 20 km von Ski- und Snowboardpisten von verschiedenen Stufen, Skipl\u00e4tze f\u00fcr Kinder und Anf\u00e4nger, sowie etspannende Pisten.<\/p>\n<p>Langlauffreunde k\u00f6nnen eine 15\/20-km-lange Loipe, die man beim Stadion das Hotel gegen\u00fcber einschlagen kann. Au\u00dferdem: viel Spa\u00df bei drei Eisrinken und im Park Nevelandia.[\/et_pb_text][\/et_pb_column][et_pb_column type=&#8220;1_3&#8243; _builder_version=&#8220;4.18.0&#8243; _module_preset=&#8220;default&#8220; global_colors_info=&#8220;{}&#8220;][et_pb_text _builder_version=&#8220;4.18.0&#8243; text_font=&#8220;||||||||&#8220; text_font_size=&#8220;16px&#8220; text_line_height=&#8220;2em&#8220; header_font=&#8220;||||||||&#8220; header_2_font=&#8220;|700|||||||&#8220; header_2_font_size=&#8220;50px&#8220; header_2_line_height=&#8220;1.4em&#8220; header_6_font=&#8220;|700||on|||||&#8220; header_6_font_size=&#8220;16px&#8220; header_6_letter_spacing=&#8220;5px&#8220; header_6_line_height=&#8220;1.8em&#8220; max_width=&#8220;700px&#8220; module_alignment=&#8220;center&#8220; header_2_font_size_tablet=&#8220;35px&#8220; header_2_font_size_phone=&#8220;25px&#8220; header_2_font_size_last_edited=&#8220;on|phone&#8220; global_colors_info=&#8220;{}&#8220;]<\/p>\n<h2>Willkommen in PLODN<\/h2>\n<p>[\/et_pb_text][\/et_pb_column][\/et_pb_row][\/et_pb_section][et_pb_section fb_built=&#8220;1&#8243; _builder_version=&#8220;4.18.0&#8243; _module_preset=&#8220;default&#8220; background_color=&#8220;gcid-46ef51ee-7f37-4d8e-9a27-2560e1811d54&#8243; global_colors_info=&#8220;{%22gcid-46ef51ee-7f37-4d8e-9a27-2560e1811d54%22:%91%22background_color%22%93}&#8220;][et_pb_row _builder_version=&#8220;4.18.0&#8243; _module_preset=&#8220;default&#8220; global_colors_info=&#8220;{}&#8220;][et_pb_column type=&#8220;4_4&#8243; _builder_version=&#8220;4.18.0&#8243; _module_preset=&#8220;default&#8220; global_colors_info=&#8220;{}&#8220;][et_pb_text _builder_version=&#8220;4.18.0&#8243; _module_preset=&#8220;default&#8220; text_font=&#8220;||||||||&#8220; text_font_size=&#8220;16px&#8220; text_line_height=&#8220;2em&#8220; header_font=&#8220;||||||||&#8220; header_2_font=&#8220;|700|||||||&#8220; header_2_font_size=&#8220;50px&#8220; header_2_line_height=&#8220;1.4em&#8220; header_6_font=&#8220;|700||on|||||&#8220; header_6_font_size=&#8220;16px&#8220; header_6_letter_spacing=&#8220;5px&#8220; header_6_line_height=&#8220;1.8em&#8220; module_alignment=&#8220;center&#8220; header_2_font_size_tablet=&#8220;35px&#8220; header_2_font_size_phone=&#8220;25px&#8220; header_2_font_size_last_edited=&#8220;on|phone&#8220; global_colors_info=&#8220;{}&#8220;]<\/p>\n<h2>Unsere Leistungen f\u00fcr Sie&#8230;<\/h2>\n<p>[\/et_pb_text][\/et_pb_column][\/et_pb_row][et_pb_row column_structure=&#8220;1_3,1_3,1_3&#8243; _builder_version=&#8220;4.18.0&#8243; _module_preset=&#8220;default&#8220; global_colors_info=&#8220;{}&#8220;][et_pb_column type=&#8220;1_3&#8243; _builder_version=&#8220;4.18.0&#8243; _module_preset=&#8220;default&#8220; global_colors_info=&#8220;{}&#8220;][et_pb_blurb title=&#8220;Au\u00dfenbereich&#8220; use_icon=&#8220;on&#8220; font_icon=&#8220;&#xf1bb;||fa||900&#8243; icon_color=&#8220;#FFFFFF&#8220; icon_placement=&#8220;left&#8220; image_icon_width=&#8220;45px&#8220; _builder_version=&#8220;4.18.0&#8243; _module_preset=&#8220;default&#8220; header_font=&#8220;Raleway|800|||||||&#8220; global_colors_info=&#8220;{}&#8220;]<\/p>\n<ul>\n<li>Sonnenterrasse<\/li>\n<li>Terrasse<\/li>\n<li>Garten<\/li>\n<\/ul>\n<p>[\/et_pb_blurb][et_pb_blurb title=&#8220;Speisen &amp; Getr\u00e4nke&#8220; use_icon=&#8220;on&#8220; font_icon=&#8220;&#xf2e7;||fa||900&#8243; icon_color=&#8220;#FFFFFF&#8220; icon_placement=&#8220;left&#8220; image_icon_width=&#8220;45px&#8220; _builder_version=&#8220;4.18.0&#8243; _module_preset=&#8220;default&#8220; header_font=&#8220;Raleway|800|||||||&#8220; global_colors_info=&#8220;{}&#8220;]<\/p>\n<ul>\n<li>Speisen f\u00fcr spezielle Ern\u00e4hrungsbed\u00fcrfnisse (auf Anfrage)<\/li>\n<li>Snackbar<\/li>\n<li>Fr\u00fchst\u00fcck im Zimmer<\/li>\n<li>Bar<\/li>\n<li>Restaurant<\/li>\n<\/ul>\n<p>[\/et_pb_blurb][et_pb_blurb title=&#8220;Internet&#8220; use_icon=&#8220;on&#8220; font_icon=&#8220;&#xf1eb;||fa||900&#8243; icon_color=&#8220;#FFFFFF&#8220; icon_placement=&#8220;left&#8220; image_icon_width=&#8220;45px&#8220; _builder_version=&#8220;4.18.0&#8243; _module_preset=&#8220;default&#8220; header_font=&#8220;Raleway|800|||||||&#8220; global_colors_info=&#8220;{}&#8220;]<\/p>\n<p>WLAN ist in allen Bereichen nutzbar und ist kostenfrei.<\/p>\n<p>[\/et_pb_blurb][\/et_pb_column][et_pb_column type=&#8220;1_3&#8243; _builder_version=&#8220;4.18.0&#8243; _module_preset=&#8220;default&#8220; global_colors_info=&#8220;{}&#8220;][et_pb_blurb title=&#8220;Parkm\u00f6glichkeiten&#8220; use_icon=&#8220;on&#8220; font_icon=&#8220;&#xf1b9;||fa||900&#8243; icon_color=&#8220;#FFFFFF&#8220; icon_placement=&#8220;left&#8220; image_icon_width=&#8220;45px&#8220; _builder_version=&#8220;4.18.0&#8243; _module_preset=&#8220;default&#8220; header_font=&#8220;Raleway|800|||||||&#8220; global_colors_info=&#8220;{}&#8220;]<\/p>\n<p>Private Parkpl\u00e4tze stehen kostenfrei an der Unterkunft (Reservierung ist nicht erforderlich) zur Verf\u00fcgung.<\/p>\n<ul>\n<li>Behindertengerechte Parkpl\u00e4tze<\/li>\n<\/ul>\n<p>[\/et_pb_blurb][et_pb_blurb title=&#8220;Dienstleistungen&#8220; use_icon=&#8220;on&#8220; font_icon=&#8220;&#xf562;||fa||900&#8243; icon_color=&#8220;#FFFFFF&#8220; icon_placement=&#8220;left&#8220; image_icon_width=&#8220;45px&#8220; _builder_version=&#8220;4.18.0&#8243; _module_preset=&#8220;default&#8220; header_font=&#8220;Raleway|800|||||||&#8220; global_colors_info=&#8220;{}&#8220;]<\/p>\n<ul>\n<li>Gemeinschaftslounge\/TV-Bereich<\/li>\n<li>Fax- u. Fotokopiereinrichtungen<\/li>\n<li>Lunchpakete<\/li>\n<li>B\u00fcgelservice Zus\u00e4tzliche Geb\u00fchren<\/li>\n<li>Waschsalon\/W\u00e4scheservice Zus\u00e4tzliche Geb\u00fchren<\/li>\n<li>Zimmerservice<\/li>\n<\/ul>\n<p>[\/et_pb_blurb][\/et_pb_column][et_pb_column type=&#8220;1_3&#8243; _builder_version=&#8220;4.18.0&#8243; _module_preset=&#8220;default&#8220; global_colors_info=&#8220;{}&#8220;][et_pb_blurb title=&#8220;Wellness-Einrichtungen&#8220; use_icon=&#8220;on&#8220; font_icon=&#8220;&#xf5bb;||fa||900&#8243; icon_color=&#8220;#FFFFFF&#8220; icon_placement=&#8220;left&#8220; image_icon_width=&#8220;45px&#8220; _builder_version=&#8220;4.18.0&#8243; _module_preset=&#8220;default&#8220; header_font=&#8220;Raleway|800|||||||&#8220; global_colors_info=&#8220;{}&#8220;]<\/p>\n<ul>\n<li>Whirlpool\/Jacuzzi Zus\u00e4tzliche Geb\u00fchren<\/li>\n<li>Fitnesscenter<\/li>\n<li>Sauna Zus\u00e4tzliche Geb\u00fchren<\/li>\n<\/ul>\n<p>[\/et_pb_blurb][et_pb_blurb title=&#8220;Zugang&#8220; use_icon=&#8220;on&#8220; font_icon=&#8220;&#xf193;||fa||900&#8243; icon_color=&#8220;#FFFFFF&#8220; icon_placement=&#8220;left&#8220; image_icon_width=&#8220;45px&#8220; _builder_version=&#8220;4.18.0&#8243; _module_preset=&#8220;default&#8220; header_font=&#8220;Raleway|800|||||||&#8220; global_colors_info=&#8220;{}&#8220;]<\/p>\n<ul>\n<li>Rollstuhlgerecht<\/li>\n<li>Aufzug<\/li>\n<\/ul>\n<p>[\/et_pb_blurb][\/et_pb_column][\/et_pb_row][\/et_pb_section]<\/p>\n","protected":false},"excerpt":{"rendered":"<p>Willkommen in PLODN Hotel Valgioconda\u00dcber uns Gastfreundschaft:eine FamilientraditionFamilie Fontana &#8211; Pontil leitet das Hotel Valgioconda pers\u00f6nlich. In diesem einzigartigen Ambiente verschmelzen Familientraditionen und Bergluxus, um die beste Gastfreundlichkeit anzubieten. Das Hotel Valgioconda befindet sich in Plodn, einem bekannten Ferienort im Herzen der herrlichen Dolomitenlandschaft, deren Gipfel sogar 2700 m. erreichen!Plodn ist ber\u00fchmt f\u00fcr den \u00f6sterreichischen [&hellip;]<\/p>\n","protected":false},"author":1,"featured_media":530,"parent":0,"menu_order":0,"comment_status":"closed","ping_status":"closed","template":"","meta":{"_et_pb_use_builder":"on","_et_pb_old_content":"","_et_gb_content_width":"","footnotes":""},"class_list":["post-722","page","type-page","status-publish","has-post-thumbnail","hentry"],"_links":{"self":[{"href":"https:\/\/valgioconda.it\/de\/wp-json\/wp\/v2\/pages\/722","targetHints":{"allow":["GET"]}}],"collection":[{"href":"https:\/\/valgioconda.it\/de\/wp-json\/wp\/v2\/pages"}],"about":[{"href":"https:\/\/valgioconda.it\/de\/wp-json\/wp\/v2\/types\/page"}],"author":[{"embeddable":true,"href":"https:\/\/valgioconda.it\/de\/wp-json\/wp\/v2\/users\/1"}],"replies":[{"embeddable":true,"href":"https:\/\/valgioconda.it\/de\/wp-json\/wp\/v2\/comments?post=722"}],"version-history":[{"count":8,"href":"https:\/\/valgioconda.it\/de\/wp-json\/wp\/v2\/pages\/722\/revisions"}],"predecessor-version":[{"id":867,"href":"https:\/\/valgioconda.it\/de\/wp-json\/wp\/v2\/pages\/722\/revisions\/867"}],"wp:featuredmedia":[{"embeddable":true,"href":"https:\/\/valgioconda.it\/de\/wp-json\/wp\/v2\/media\/530"}],"wp:attachment":[{"href":"https:\/\/valgioconda.it\/de\/wp-json\/wp\/v2\/media?parent=722"}],"curies":[{"name":"wp","href":"https:\/\/api.w.org\/{rel}","templated":true}]}}